{"id":2739,"date":"2018-11-15T22:42:49","date_gmt":"2018-11-15T20:42:49","guid":{"rendered":"http:\/\/52kartai.lt\/?post_type=product&#038;p=2739"},"modified":"2026-03-23T10:56:47","modified_gmt":"2026-03-23T07:56:47","slug":"knyga","status":"publish","type":"product","link":"https:\/\/52kartai.lt\/?product=knyga","title":{"rendered":"Knyga &#8222;52 kartai&#8221;"},"content":{"rendered":"<p><strong>\u201e52 kartai\u201c<\/strong><br \/>\n<em>Maisto ir fotografijos id\u0117j\u0173 knyga<\/em><\/p>\n<p>Knyga \u201e52 kartai\u201c skirta visiems tiems, kurie myli ger\u0105 maist\u0105 ir m\u0117gsta gaminti, nori paganyti akis \u012f esteti\u0161kas maisto fotografijas, ie\u0161ko nauj\u0173 id\u0117j\u0173, skoni\u0173, atradim\u0173, \u012fkv\u0117pimo virtuv\u0117je ir gyvenime.<\/p>\n<p>\u0160i knyga n\u0117ra \u012fprasta recept\u0173 knyga. Tai n\u0117ra ir \u012fprastas fotografij\u0173 albumas.<br \/>\nTai id\u0117j\u0173 knyga. Maisto ir fotografijos id\u0117j\u0173 knyga.<br \/>\nId\u0117j\u0173, kaip gaminti, semiantis patirties i\u0161 daugiau nei pus\u0161im\u010dio skirting\u0173 virtuv\u0117s \u0161ef\u0173.<br \/>\nId\u0117j\u0173, kaip u\u017efiksuoti maist\u0105 nuotraukose taip, kad kitiems varv\u0117t\u0173 seil\u0117.<br \/>\nId\u0117j\u0173, kaip \u0161v\u0119sti gyvenim\u0105 kartu su draugais ar \u0161eima.<\/p>\n<p><strong>Kaip gim\u0117 \u201e52 kartai\u201c?<br \/>\n<\/strong>Buvo \u0161iltas vasaros vakaras Italijoje. Su \u017emona s\u0117d\u0117jome terasoje ir kalb\u0117jom\u0117s. Apie kelion\u0119, apie gyvenim\u0105, apie darbus ir planus. Mano galvoje jau seniai sukosi mintis apie projekt\u0105, susijus\u012f su maistu. Kok\u012f nors i\u0161\u0161\u016bk\u012f sau. Pab\u0117gim\u0105 nuo rutinos.<br \/>\n\u012esikalb\u0117jome, kad da\u017enai, \u012f sve\u010dius pasikvietus draug\u0173, did\u017eiausias galvos skausmas b\u016bna, o kuo gi juos pavai\u0161inti. (Jums turb\u016bt taip pat, ar ne?) O jeigu surink\u010diau skirting\u0173 \u0161ef\u0173 patiekalus \u2013vakarien\u0117s su draugais pasi\u016blymus \u2013 ir kaskart t\u0105 maist\u0105 nufotografuo\u010diau vis kitaip? Taip t\u0105 vakar\u0105 ir gim\u0117 projekto \u201e52 kartai\u201c id\u0117ja. Projekto, kuris tapo mano tinklara\u0161\u010diu, o dabar \u2013 ir knyga.<br \/>\nKod\u0117l \u201e52 kartai\u201c? Tod\u0117l, kad metuose yra lygiai tiek savai\u010di\u0173, vadinasi, ir savaitgali\u0173. Taigi lygiai tiek galimybi\u0173 ir prog\u0173 pab\u016bti su pa\u010diais mylimiausiais, pa\u010diais brangiausiais \u2013 savo \u0161eima ar draugais. Tiek yra ir \u0161ef\u0173, k\u016brusi\u0173 patiekalus \u0161iam projektui, ir tiek skirting\u0173 j\u0173 vakarien\u0117s su draugais pasi\u016blym\u0173.<\/p>\n<p><!--\n\n\n<div data-configid=\"36469857\/67082977\" style=\"width:525px; height:353px;\" class=\"issuuembed\"><\/div>\n\n\n<script type=\"text\/javascript\" src=\"\/\/e.issuu.com\/embed.js\" async=\"true\"><\/script>\n--><\/p>\n<p><strong>Apie autori\u0173<\/strong><br \/>\nROBERTAS DASKEVI\u010cIUS \u2013 fotografas, kuriantis iliustracijas leidiniams, pelnantiems tarptautinio konkurso \u201eGourmand Cookbook Awards\u201c apdovanojimus. Pl\u0117toja maisto tinklara\u0161t\u012f \u201e52 kartai\u201c, kuris peln\u0117 geriausio \u0161alyje tinklara\u0161\u010dio nominacij\u0105 interneto apdovanojimuose LOGIN 2017. Daugiausia dirba su populiariais moderniais restoranais, desert\u0173 ir \u0161okolado gamintojais, maitinimo tinklais, TV maisto laidomis.<br \/>\n\u0160ioje knygoje autorius surinko ir iliustravo 52 \u0161alies virtuv\u0117s \u0161ef\u0173 patiekalus, skirtus vakarienei su draugais.<\/p>\n","protected":false},"excerpt":{"rendered":"<ul>\n<li>52 virtuv\u0117s \u0161ef\u0173 receptai<\/li>\n<li>496 puslapiai<\/li>\n<li>beveik 300 maisto nuotrauk\u0173<\/li>\n<li>daugiau kaip 200 recept\u0173<\/li>\n<li>i\u0161skirtin\u0117s kokyb\u0117s popierius ir spauda<\/li>\n<li>52 maisto fotografijos patarimai<\/li>\n<li>projekto &#8222;behind the scenes&#8221; istorijos<\/li>\n<li>vakar\u0117li\u0173 su draugais id\u0117jos<\/li>\n<li>kurta trejus metus<\/li>\n<\/ul>\n","protected":false},"featured_media":2939,"template":"","meta":[],"product_cat":[189],"product_tag":[],"class_list":{"0":"post-2739","1":"product","2":"type-product","3":"status-publish","4":"has-post-thumbnail","6":"product_cat-maisto-ir-fotografijos-ideju-knyga","9":"first","10":"instock","11":"sale","12":"purchasable","13":"product-type-simple"},"_links":{"self":[{"href":"https:\/\/52kartai.lt\/index.php?rest_route=\/wp\/v2\/product\/2739","targetHints":{"allow":["GET"]}}],"collection":[{"href":"https:\/\/52kartai.lt\/index.php?rest_route=\/wp\/v2\/product"}],"about":[{"href":"https:\/\/52kartai.lt\/index.php?rest_route=\/wp\/v2\/types\/product"}],"wp:featuredmedia":[{"embeddable":true,"href":"https:\/\/52kartai.lt\/index.php?rest_route=\/wp\/v2\/media\/2939"}],"wp:attachment":[{"href":"https:\/\/52kartai.lt\/index.php?rest_route=%2Fwp%2Fv2%2Fmedia&parent=2739"}],"wp:term":[{"taxonomy":"product_cat","embeddable":true,"href":"https:\/\/52kartai.lt\/index.php?rest_route=%2Fwp%2Fv2%2Fproduct_cat&post=2739"},{"taxonomy":"product_tag","embeddable":true,"href":"https:\/\/52kartai.lt\/index.php?rest_route=%2Fwp%2Fv2%2Fproduct_tag&post=2739"}],"curies":[{"name":"wp","href":"https:\/\/api.w.org\/{rel}","templated":true}]}}